{"id":264,"date":"2023-05-04T12:40:01","date_gmt":"2023-05-04T12:40:01","guid":{"rendered":"https:\/\/ioir.se\/?page_id=264"},"modified":"2023-05-05T11:25:20","modified_gmt":"2023-05-05T11:25:20","slug":"publications","status":"publish","type":"page","link":"https:\/\/ioir.se\/index.php\/publications\/","title":{"rendered":"INSTITUTE LIBRARY"},"content":{"rendered":"\n<p><strong>ARCHIVE<\/strong>S<\/p>\n\n\n\n<p><\/p>\n\n\n\n<p>1. Skrifter \u00e5t minnet av C.A. Reuterski\u00f6ld (1945)<\/p>\n\n\n\n<p>2.&nbsp;Stig J\u00e4gerski\u00f6ld&nbsp;: Tre utl\u00e5tanden: Om apoteksavgifter. Om administrativ myndighet och domstol. Om Seffle kanalbolag (1946)<\/p>\n\n\n\n<p>3. [Erik]&nbsp;Fahlbeck \u2013&nbsp;[Stig]&nbsp;J\u00e4gerski\u00f6ld&nbsp;&#8211; [Halvar G.F.]&nbsp;Sundberg&nbsp;: Medborgarr\u00e4tt (1947)<\/p>\n\n\n\n<p>4.&nbsp;Stig J\u00e4gerski\u00f6ld&nbsp;: Statens ers\u00e4ttningsskyldighet vid inf\u00f6rande av monopol (1947)<\/p>\n\n\n\n<p>5.&nbsp;Halvar G. F. Sundberg&nbsp;: Kyrkor\u00e4tt (1948)<\/p>\n\n\n\n<p>6.&nbsp;Erik Fahlbeck &amp; Israel Myrberg&nbsp;: Konfiskatoriska skattef\u00f6rfattningars r\u00e4ttsgiltighet. Utl\u00e5tanden (1948)<\/p>\n\n\n\n<p>7.&nbsp;Gustaf Petr\u00e9n&nbsp;: Om offentligr\u00e4ttslig anv\u00e4ndning av v\u00e5ld mot person (1949)<\/p>\n\n\n\n<p>8.&nbsp;Gunnar Prawitz&nbsp;: Om f\u00f6rs\u00e4ljning av kyrklig jord (1950)<\/p>\n\n\n\n<p>9.&nbsp;Halvar G.&nbsp;F. Sundberg&nbsp;: Valr\u00e4tt med tillh\u00f6rande valf\u00f6rfattningar (1950)<\/p>\n\n\n\n<p>10.&nbsp;Halvar G.&nbsp;F. Sundberg&nbsp;: Folkr\u00e4tt. 2:a uppl. (1950)<\/p>\n\n\n\n<p>11.&nbsp;Erik Fahlbeck&nbsp;: Tryckfrihetsr\u00e4tt (1951). 2:a uppl. 1954.<\/p>\n\n\n\n<p>12.&nbsp;Halvar G.F. Sundberg&nbsp;.: F\u00f6rv\u00e4rv och f\u00f6rlust av svenskt medborgarskap (1953)<\/p>\n\n\n\n<p>13.&nbsp;Hilding Eek&nbsp;: Socialr\u00e4tt (1954)<\/p>\n\n\n\n<p>14. Sm\u00e4rre utredningar 1951-1954 (1954)<\/p>\n\n\n\n<p>15. Inlaga till statens hyresr\u00e5d (1954)<\/p>\n\n\n\n<p>16.&nbsp;Halvar G.F. Sundberg&nbsp;: Allm\u00e4n f\u00f6rvaltningsr\u00e4tt (1955)<\/p>\n\n\n\n<p>17.&nbsp;Hilding Eek&nbsp;: Om fr\u00e4mlingsskap (1955)<\/p>\n\n\n\n<p>18. Den norska r\u00e4ttsuppg\u00f6relsen. Responsum och utredning (1956)<\/p>\n\n\n\n<p>19.&nbsp;Halvar G.F. Sundberg&nbsp;: Kommunalr\u00e4tt. Allm\u00e4nna delen. 4:e uppl. (1956)<\/p>\n\n\n\n<p>20. Sveriges Kommunallagar med d\u00e4rtill h\u00f6rande f\u00f6reskrifter j\u00e4mte Bihang inneh\u00e5llande s\u00e4rskilda f\u00f6rfattningar r\u00f6rande kommunalstyrelsen (1957, 1960, 1963, 1966)<\/p>\n\n\n\n<p>21.&nbsp;Svante Bergstr\u00f6m&nbsp;: Om allm\u00e4nt vattenomr\u00e5des r\u00e4ttsliga st\u00e4llning (1957)<\/p>\n\n\n\n<p>22.&nbsp;Yngve Stenstr\u00f6m&nbsp;: Om biskops tj\u00e4nst och \u00e4mbete (1959)<\/p>\n\n\n\n<p>23.&nbsp;Halvar G.F. Sundberg&nbsp;: Kommunalr\u00e4tt. Speciella delen (1959)<\/p>\n\n\n\n<p>24.&nbsp;Halvar G.F. Sundberg&nbsp;: Om de kommunalr\u00e4ttsliga besv\u00e4rs- och underst\u00e4llningsinstitutens civilr\u00e4ttsliga betydelse (1960)<\/p>\n\n\n\n<p>25.&nbsp;Fredrik Sterzel&nbsp;: Om riksdagsuppl\u00f6sning (1961)<\/p>\n\n\n\n<p>26.&nbsp;Halvar G.&nbsp;F. Sundberg&nbsp;: \u00d6versikt av taxeringsprocessen (1962)<\/p>\n\n\n\n<p>27.&nbsp;Fredrik Sterzel&nbsp;: Studier r\u00f6rande den kommunala besv\u00e4rsprocessen (1963)<\/p>\n\n\n\n<p>28.&nbsp;Halvar G.&nbsp;F. Sundberg&nbsp;: Kommunalr\u00e4tt. Samlad upplaga (1964)<\/p>\n\n\n\n<p>29.&nbsp;Gustaf Petr\u00e9n &amp; Halvar G.F. Sundberg&nbsp;: Sveriges grundlagar med tillh\u00f6rande f\u00f6rfattningar med f\u00f6rklaringar. 9:e upplagan av Robert Malmgren, Sveriges grundlagar. (1966, 2 tryckningen 1967. 10 uppl. 1968, 2 tryckningen 1969. 11 uppl. 1971) [12 uppl. se under nr 44]<\/p>\n\n\n\n<p>30.&nbsp;Halvar G.F. Sundberg&nbsp;: De allm\u00e4nna grunderna av offentlig r\u00e4tt (1962, 1963, 1967)<\/p>\n\n\n\n<p>31.&nbsp;Fredrik Sterzel&nbsp;: Interparlamentariska unionen och svenska riksdagens interparla-mentariska grupp (1967)<\/p>\n\n\n\n<p>32.&nbsp;Gunnar Wirsell&nbsp;: Om kronans jordeb\u00f6cker 1541-1936 (1968)<\/p>\n\n\n\n<p>33.&nbsp;Fredrik Sterzel&nbsp;: God publicistisk sed (1970)<\/p>\n\n\n\n<p>34.&nbsp;Jacob W.F. Sundberg&nbsp;: Teleologisk metod och fair play. Inauguralf\u00f6rel\u00e4sning i allm\u00e4n r\u00e4ttsl\u00e4ra den 11 september 1970 (1970)<\/p>\n\n\n\n<p>35.&nbsp;Jacob W.F. Sundberg&nbsp;: Piracy Sea and Air. A Report to the International Law Association.&nbsp;Committee on Piracy (Sea and Air) (1970)<\/p>\n\n\n\n<p>36.&nbsp;Jacob W.F. Sundberg&nbsp;: En handbok i folkr\u00e4tt f\u00f6r svenska krigsmakten? (1972)<\/p>\n\n\n\n<p>37.&nbsp;Jacob W.F. Sundberg&nbsp;: \u201dDen ryska klockan\u201d \u2013 Om krigsf\u00e5ngar och deras straffr\u00e4ttsliga ansvar i ljuset av de finska r\u00e4fsterna och de sovjetiska dissenserna i N\u00fcrnberg (1973)<\/p>\n\n\n\n<p>38.&nbsp;Brita Sundberg-Weitman&nbsp;: Nondiskriminering i EEC (1973)<\/p>\n\n\n\n<p>39.&nbsp;Jacob W.F. Sundberg&nbsp;: H\u00f6gskattesamh\u00e4llet \u2013 en betraktelse. Halvsekelf\u00f6rel\u00e4sning den 30 november 1977 (1977)<\/p>\n\n\n\n<p>40. Skrifter till minnet av Halvar G.F. Sundberg (1978)<\/p>\n\n\n\n<p>41.&nbsp;Jacob W.F. Sundberg&nbsp;: fr.&nbsp;Eddan t. Ekel\u00f6f \u2013 Repetitorium om r\u00e4ttsk\u00e4llor i Norden (1978) [utg. tillsammans med Studentlitteratur och Akademisk Forlag]. 2. of\u00f6r\u00e4ndrade uppl. med nytt f\u00f6rord 1990.<\/p>\n\n\n\n<p>42.&nbsp;Jacob W.F.&nbsp;Sundberg&nbsp;: Tidsdokument fr\u00e5n 1970. Kring den sista adjunktionen och den f\u00f6rsta f\u00f6rel\u00e4sningen (1978)<\/p>\n\n\n\n<p>43.&nbsp;Jacob W.F. Sundberg&nbsp;: Arvet fr\u00e5n Timurtasch (1979)<\/p>\n\n\n\n<p>44.&nbsp;Gustaf Petr\u00e9n &amp; Hans Ragnemalm&nbsp;: Sveriges grundlagar och tillh\u00f6rande f\u00f6rfattningar med f\u00f6rklaringar. 12:e upplagan av Robert Malmgrens Sveriges grundlagar (1980) [utg. tillsammans med Liber F\u00f6rlag]<\/p>\n\n\n\n<p>45.&nbsp;Jacob W.F. Sundberg&nbsp;: R\u00e4tt mellan himmel och hav (1981)<\/p>\n\n\n\n<p>46.&nbsp;Jacob W.F.. Sundberg&nbsp;: Om marxistisk juridik (1981)<\/p>\n\n\n\n<p>47.&nbsp;Jacob W.F. Sundberg, Bertil Malml\u00f6f, Mikael Mellqvist &amp; Fredrik Sundberg&nbsp;: Studier kring Europakonventionen (1982)<\/p>\n\n\n\n<p>48.&nbsp;Mikael Mellqvist&nbsp;: Om juridiska fakultetens remissyttranden (1982)<\/p>\n\n\n\n<p>49.&nbsp;Jacob W.&nbsp;F. Sundberg&nbsp;: H\u00f6gskattesamh\u00e4llet \u2013 en f\u00f6rnyad betraktelse (1982)<\/p>\n\n\n\n<p>50.&nbsp;Jacob Sundberg,&nbsp;red.: Lagar, r\u00e4ttigheter och Europakonventionen om de m\u00e4nskliga r\u00e4ttigheterna. F\u00f6rhandlingar vid Colloquium i Svea hovr\u00e4tts plenisal den 29 mars 1983, anordnat av Institutet f\u00f6r offentlig och internationell r\u00e4tt (1984)<\/p>\n\n\n\n<p>51.&nbsp;Jacob Sundberg&nbsp;: High Tax Imperialism (1981)<\/p>\n\n\n\n<p>52. Skyddet f\u00f6r m\u00e4nskliga r\u00e4ttigheter i Europa (1983)<\/p>\n\n\n\n<p>53. Den Europeiska Konventionen om de m\u00e4nskliga r\u00e4ttigheterna. \u00d6vers\u00e4ttning av konventions- och protokollstexterna, granskad inom Institutet f\u00f6r offentlig och internationell r\u00e4tt. (1983). 2 uppl. 1995. 3 uppl. 1997.<\/p>\n\n\n\n<p>54.&nbsp;Fredrik Schultz&nbsp;: Om lagr\u00e5det som r\u00e4ttss\u00e4kerhetsgaranti (1984)<\/p>\n\n\n\n<p>55. Om massmedias r\u00e4ttssyn. Studier och f\u00f6rhandlingar utgivna av Institutet f\u00f6r offentlig och internationell r\u00e4tt (1984)<\/p>\n\n\n\n<p>56.&nbsp;Jacob W.F. Sundberg&nbsp;: Den nya stilen. Om tabubel\u00e4ggning och tystnadsspiral (1984)<\/p>\n\n\n\n<p>57. Skrifter till\u00e4gnade Gustaf Petr\u00e9n. Utgivna av Stiftelsen R\u00e4ttsfonden &amp; Institutet f\u00f6r offentlig och internationell r\u00e4tt (1984)<\/p>\n\n\n\n<p>58. Viktigare tilldragelser p\u00e5 omr\u00e5det f\u00f6r m\u00e4nskliga r\u00e4ttigheter i Sverige. \u00c5rsrapport f\u00f6r 1983 avgiven av Institutet f\u00f6r offentlig och internationell r\u00e4tt (1985)<\/p>\n\n\n\n<p>59. Europeisk t\u00e4vlan i fingerad r\u00e4tteg\u00e5ng inom omr\u00e5det f\u00f6r m\u00e4nskliga r\u00e4ttigheter. Regler f\u00f6r Europat\u00e4vlingen. Utkast (1985)<\/p>\n\n\n\n<p>60.&nbsp;Jacob W. F. Sundberg:&nbsp;Human Rights in Sweden.&nbsp;The Annual Reports 1982 \u20131984 from the National Correspondent for Sweden to the Documentation Center for Human Rights at the Directorate for Human Rights, Council of Europe (1986)<\/p>\n\n\n\n<p>61.&nbsp;Jacob W. F. Sundberg:&nbsp;Aff\u00e4ren fr. Eddan t. Ekel\u00f6f, en vitbok. Dokumentsamling utgiven av Institutet f\u00f6r offentlig och internationell r\u00e4tt (1985).<\/p>\n\n\n\n<p>62. Viktigare tilldragelser p\u00e5 omr\u00e5det f\u00f6r m\u00e4nskliga r\u00e4ttigheter i Sverige. \u00c5rsrapport f\u00f6r 1984 avgiven av Institutet f\u00f6r offentlig och internationell r\u00e4tt (1985)<\/p>\n\n\n\n<p>63.&nbsp;J. Sundberg, red., Sporrong L\u00f6nnroth.&nbsp;En handbok (1985).<\/p>\n\n\n\n<p>64.&nbsp;Jacob W.F. Sundberg&nbsp;: Det Sporrong L\u00f6nnrothska Priset. Reportage fr\u00e5n en t\u00e4vling med rapport och instruktion (1985)<\/p>\n\n\n\n<p>65. (Ej utgiven)<\/p>\n\n\n\n<p>66.&nbsp;Jacob W.F. Sundberg&nbsp;: Rapport fr\u00e5n t\u00e4vlingen om det Sporrong L\u00f6nnrothska Priset l\u00e4s\u00e5ret 1985-86 med instruktion (1986)<\/p>\n\n\n\n<p>67.&nbsp;Jacob W. F. Sundberg:&nbsp;Human Rights in Sweden.&nbsp;The Annual Report 1985 (1987).<\/p>\n\n\n\n<p>68. Uskela vs. Sverige. Europeiska Kommiswsionens avg\u00f6rande om upptagande till sakpr\u00f6vning (Expropriationslagen 2:7) (1986)<\/p>\n\n\n\n<p>69.&nbsp;Jacob W. F. Sundberg:&nbsp;Om sibs och tabun och s k opinionsbildning . Ett bidrag till den juridiska massmediaforskningen (1987).<\/p>\n\n\n\n<p>70. Klagom\u00e5l mot Kalmar-Unionen. En antologi \u00e4gnad t\u00e4vlingen om det Sporrong L\u00f6nnrothska Priset. Med ett f\u00f6retal av h\u00f8yesterettsjustitiarius Rolv Ryssdal (1987).<\/p>\n\n\n\n<p>71.&nbsp;Jacob W.F. Sundberg&nbsp;: \u00c5rsrapport och instruktion. T\u00e4vlingen om det Sporrong L\u00f6nnrothska priset. Wrangelska Palatset. Stockholm , den 13-14 juni 1987 (1987)<\/p>\n\n\n\n<p>72.&nbsp;Jacob W. F. Sundberg:&nbsp;Human Rights in Sweden. The Annual Report 1986 (1988).<\/p>\n\n\n\n<p>73. Europakonventionen om de m\u00e4nskliga r\u00e4ttigheterna. Nordisk fyrspr\u00e5kig textutg\u00e5va till tj\u00e4nst f\u00f6r t\u00e4vlingen om det Sporrong L\u00f6nnrothska priset (1988)<\/p>\n\n\n\n<p>74.&nbsp;Jacob W. F. Sundberg:&nbsp;Political Crime, Persecution, and Swedish High Tax Society (1988).<\/p>\n\n\n\n<p>75. Europejska Konwencja o ochronie praw i podstawowych wolnosci czlowieka (1988)<\/p>\n\n\n\n<p>76.&nbsp;Jacob W.F. Sundberg&nbsp;: \u00c5rsrapport och instruktion. T\u00e4vlingen om det Sporrong-L\u00f6nnrothska Priset, Norges H\u00f8yesterett, Oslo, den 11-12 juni 1988 (1988)<\/p>\n\n\n\n<p>77.&nbsp;Jacob W. F. Sundberg:&nbsp;Human Rights in Sweden. The Annual Report 1987 (1989).<\/p>\n\n\n\n<p>78.&nbsp;ius docendi&nbsp;\u00e4rendet. Inlaga till Universitets- och h\u00f6gskole\u00e4mbetet till h\u00e4vdande av&nbsp;ius docendi&nbsp;(1989).<\/p>\n\n\n\n<p>79.&nbsp;ius docendi&nbsp;\u00e4rendet. Arbetsgruppens skrivelser och promemorior samt motpromemorior av professorerna Hannu T. Klami och Gerhard Radnitzky (1989).<\/p>\n\n\n\n<p>80.&nbsp;Jacob W. F. Sundberg:&nbsp;En liten bok om allm\u00e4n r\u00e4ttsl\u00e4ra till ledning f\u00f6r juridiska linjen\u00e4mnden i Stockholm med s\u00e4rskild h\u00e4nsyn till professor Claes Peterson (ius docendi \u00e4rendet; Det stora yttrandet) (1989).<\/p>\n\n\n\n<p>81.&nbsp;Jacob W. F. Sundberg:&nbsp;\u00c5rsrapport och Instruktion. T\u00e4vlingen om det Sporrong L\u00f6nnrothska Priset. Islands H\u00f6gstar\u00e4tt, Reykjavik, 10\u201311 juni 1989 (1989).<\/p>\n\n\n\n<p><a href=\"http:\/\/www.ioir.se\/157000pensionssparare.pdf\">82. 157 000 pensionssparare v. Sverige. Europakommissionens avg\u00f6rande den 14 december 1988 och den 6 maj 1989 i eng\u00e5ngsskattem\u00e5let (1989).<\/a><\/p>\n\n\n\n<p>83.&nbsp;ius docendi&nbsp;\u00e4rendet. Inlaga till regeringen av professor&nbsp;Jacob W. F. Sundberg&nbsp;(1990).<\/p>\n\n\n\n<p>84. Stadgar f\u00f6r t\u00e4vlingen Sporrong-L\u00f6nnroth, givna den 30 mars 1990 (1990).<\/p>\n\n\n\n<p>85.&nbsp;Jacob W. F. Sundberg:&nbsp;\u00c5rsrapport och instruktion. T\u00e4vlingen om det Sporrong L\u00f6nnrothska priset. Danmarks H\u00f8jesteret, K\u00f6penhamn, 9\u201310 juni 1990&nbsp;(1990).<\/p>\n\n\n\n<p>86.&nbsp;Jacob W. F. Sundberg:&nbsp;R\u00e4ttspr\u00f6vning.&nbsp;ius docendi&nbsp;\u00e4rendet inf\u00f6r Regeringsr\u00e4tten.&nbsp;Inlaga&nbsp;(1990).<\/p>\n\n\n\n<p>87.&nbsp;Jacob W.F. Sundberg&nbsp;: The Sporrong L\u00f6nnroth Moot Court Competition. Annual Report 1990 and Instruction. Supreme Court of Denmark, Copenhagen, June 9-10, 1990 (1990)<\/p>\n\n\n\n<p>88.&nbsp;Jacob W. F. Sundberg:&nbsp;Human Rights in Sweden.&nbsp;The Annual Report 1988 (1991).<\/p>\n\n\n\n<p>89.&nbsp;Jacob W. F. Sundberg:&nbsp;\u00c5rsrapport och instruktion. T\u00e4vlingen om det Sporrong L\u00f6nnrothska priset. H\u00f6gsta Domstolen och H\u00f6gsta F\u00f6rvaltningsdomstolen, Helsingfors, 8\u20139 juni 1991 (1991).<\/p>\n\n\n\n<p>90. Institutet f\u00f6r Offentlig och Internationell R\u00e4tt redovisar tio \u00e5rs verksamhet kring Europakonventionen om de m\u00e4nskliga r\u00e4ttigheterna (1991) (folder)<\/p>\n\n\n\n<p>92.&nbsp;Jacob W. F. Sundberg:&nbsp;\u201dDet \u00e4r f\u00f6r UH\u00c4 v\u00e4l k\u00e4nt\u201d. Slutuppg\u00f6relse med&nbsp;ius docendi&nbsp;\u00e4rendet.&nbsp;(1992).<\/p>\n\n\n\n<p>93.&nbsp;Jacob W. F. Sundberg:&nbsp;Ur Juridiska fakultetens liv (1992).<\/p>\n\n\n\n<p>94.&nbsp;Jacob W. F. Sundberg:&nbsp;\u00c5rsrapport och instruktion. T\u00e4vlingen om det Sporrong L\u00f6nnrothska priset 1992. Wrangelska Palatset, Riddarholmen i Stockholm, 6\u20137 juni 1992 (1992)<\/p>\n\n\n\n<p>95. [Jacob W.F.]Sundberg &amp;&nbsp;[Fredrik G.E.]Sundberg:&nbsp;Lagen och Europakonventionen (1992).<\/p>\n\n\n\n<p>96.&nbsp;Jacob W. F. Sundberg:&nbsp;Tystnadsspiralen. Ett bidrag till den juridiska massmediaforskningen. (1993).<\/p>\n\n\n\n<p>97.&nbsp;Jacob W. F. Sundberg:&nbsp;\u00c5rsrapport och instruktion. T\u00e4vlingen om det Sporrong L\u00f6nnrothska Priset i Norges H\u00f8yesterett. Oslo den 12\u201313 juni 1993 (1993).<\/p>\n\n\n\n<p>98.&nbsp;Jacob W. F. Sundberg:&nbsp;Om doktrinen. Avskedsf\u00f6rel\u00e4sning 29.9 1993 (1994).<\/p>\n\n\n\n<p>99. Institutet f\u00f6r offentlig och internationell r\u00e4tt redovisar&nbsp;ius docendi&nbsp;litteraturen (1994) (folder)<\/p>\n\n\n\n<p>100.&nbsp;J. Sundberg, red: Jubileumsantologin Sporrong L\u00f6nnroth. Ett tio\u00e5rsperspektiv p\u00e5 t\u00e4vlingen om det Sporrong L\u00f6nnrothska Priset. (1994).<\/p>\n\n\n\n<p>101. Det isl\u00e4ndska domstolsv\u00e4sendet. (1994).<\/p>\n\n\n\n<p>102.&nbsp;Jacob W. F. Sundberg:&nbsp;\u00c5rsrapport och Instruktion. T\u00e4vlingen om det Sporrong L\u00f6nnrothska Priset X. Jubileumssessionen i Reykjavik 11\u201312 juni 1994 (1994).<\/p>\n\n\n\n<p>103.&nbsp;Jacob W. F. Sundberg:&nbsp;&#8216;Resan utan m\u00e5l&#8217;. En hyllning till Anders Agell. (1994).<\/p>\n\n\n\n<p>104. Domstolene og retsplejen i Danmark. En kort introduktion til domstolenes organisation og arbejdsform. I samarbejde med Juridisk Institut, \u00c5rhus Universitet (1995).<\/p>\n\n\n\n<p>105. Human Rights in Sweden. A Guide to Swedish Law and a Check-list (1995) (folder)<\/p>\n\n\n\n<p>106.&nbsp;Jacob W. F. Sundberg:&nbsp;&#8216;The Trip to Nowhere&#8217;. Family Policy in the Swedish Welfare State Analyzed by Means of the Comparative Law Method Immanent in the European Convention on Human Rights.&nbsp;(1995)<\/p>\n\n\n\n<p>107.&nbsp;Jacob W. F. Sundberg:&nbsp;\u00c5rsrapport och Instruktion: T\u00e4vlingen om det Sporrong L\u00f6nnrothska Priset XI i K\u00f6penhamn 17\u201318 juni 1995 (1995).<\/p>\n\n\n\n<p>108.&nbsp;Jacob W. F. Sundberg: Om fackordf\u00f6randens l\u00f6nes\u00e4ttning. Skall facket s\u00e4tta l\u00f6nen f\u00f6r icke fackf\u00f6reningsanslutna \u2013 f\u00f6r att de inte \u00e4r med i facket?&nbsp;En JO-anm\u00e4lan (1996).<\/p>\n\n\n\n<p>109. International Commission of Inquiry Into the 1932\u201333 Famine in Ukraine.&nbsp;The Final Report (1996) (tillsammans med Juristf\u00f6rlaget).<\/p>\n\n\n\n<p>110.&nbsp;Jacob W. F. Sundberg: \u00c5rsrapport. T\u00e4vlingen om det Sporrong L\u00f6nnrothska Priset XII i Helsingfors 8\u20139 juni 1996 (1996).<\/p>\n\n\n\n<p>111.&nbsp;Jacob W. F. Sundberg: Domare med mission. Europakonventionen och T\u00e4vlingen om det Sporrong L\u00f6nnrothska Priset. (Omtryck) (1996).<\/p>\n\n\n\n<p>112.&nbsp;Jacob W. F. Sundberg: Om Moot Court Competitions (1996).<\/p>\n\n\n\n<p>113.&nbsp;Jacob W. F. Sundberg: Timr\u00e5kratins sp\u00f6kerier.&nbsp;Holm vs Sverige&nbsp;i referat och perspektiv (1996).<\/p>\n\n\n\n<p>114.&nbsp;Christina Steen-Sundberg:&nbsp;Anonyma vittnen.&nbsp;Kostovski&nbsp;och&nbsp;Doorson&nbsp;i referat och perspektiv.<\/p>\n\n\n\n<p>115.&nbsp;Jacob W. F. Sundberg:&nbsp;Europakonventionen och de svenska juristerna. Tal 15.5.1997 vid Club Plachts v\u00e5rfest f\u00f6r Sporrong L\u00f6nnroth.<\/p>\n\n\n\n<p>116.&nbsp;Jacob W. F. Sundberg:&nbsp;\u00c5rsrapport och instruktion. T\u00e4vlingen om det Sporrong L\u00f6nnrothska Priset XIII. Wrangelska Palatset, Riddarholmen, Stockholm den 14\u201315 juni 1997.<\/p>\n\n\n\n<p>117.&nbsp;Jacob W. F. Sundberg:&nbsp;Om chikan (1998)<\/p>\n\n\n\n<p>118.&nbsp;Jacob W. F. Sundberg:&nbsp;Sporrong L\u00f6nnroth.&nbsp;Konspirationer, kriser och katastrofer. Programledningens tal 6.3.1998 (1998)<\/p>\n\n\n\n<p>119.&nbsp;Per Omtvedt&nbsp;og&nbsp;Trond Dolva: Rett og rettspleie i Norge. Orientering over domstolenes oppbygging og arbeidsform (1988)<\/p>\n\n\n\n<p>120.&nbsp;Jacob W. F. Sundberg:&nbsp;\u00c5rsrapport och instruktion. T\u00e4vlingen om det Sporrong L\u00f6nnrothska Priset XIV.&nbsp;Norges H\u00f8yesterett, Oslo 13\u201314 juni 1998 (1998)<\/p>\n\n\n\n<p>121.&nbsp;Jacob W.F. Sundberg&nbsp;: Basunen Sporrong-L\u00f6nnroth.&nbsp;Tal 27.2.1999 vid Advokatklubbarnas R\u00e5ds fest p\u00e5 Sj\u00f6officersm\u00e4ssen (1999)<\/p>\n\n\n\n<p>122.&nbsp;Jacob W.F. Sundberg&nbsp;: Om lagpr\u00f6vning, lagstiftarens syfte, och proportionalitet. Tal 25.5.1999 vid Club \u00d6rnfots fest f\u00f6r Sporrong L\u00f6nnroth XV; i bearbetat skick j\u00e4mte notapparat (1999)<\/p>\n\n\n\n<p>123. Domstolene og Retsplejen i Island.&nbsp;En kort introduktion til domstolenes organisation og arbejdsform (1999) [Den provisoriska utg\u00e5van i juni 1999 \u00e4r felnumrerad s\u00e5som 122]<\/p>\n\n\n\n<p>Till\u00e4gg 8.8.2001<\/p>\n\n\n\n<p>124.&nbsp;Jacob W.F. Sundberg: High Tax Imperialism.&nbsp;2nd&nbsp;edition, with an Introductory Position Paper (1999)<\/p>\n\n\n\n<p>125. \u00c5rsrapport. T\u00e4vlingen om det Sporrong L\u00f6nnrothska Priset XV. Reykjavik 13-14 juni 1999. (1999)<\/p>\n\n\n\n<p>126.&nbsp;Ragnar T\u00f3mas \u00c1rnason, Den nordiska processkonkurrensen p\u00e5 Island. (\u00d6vers\u00e4ttning fr\u00e5n isl\u00e4ndska originalet i \u00dalflj\u00f3tur 1999 s 109-118) (1999)<\/p>\n\n\n\n<p>127.&nbsp;Jacob W.F. Sundberg:&nbsp;\u00c5rsrapport och Instruktion. T\u00e4vlingen om det Sporrong L\u00f6nnrothska Priset XVI. K\u00f6penhamn 17-18 juni 2000. (2000)<\/p>\n\n\n\n<p>128.&nbsp;Jacob W.F. Sundberg,&nbsp;red,.&nbsp;Antologin Kalmarunionen [utg. tillsammans med MonitorF\u00f6rlaget, Kulturhistorisk serie nr 44] (2002)<\/p>\n\n\n\n<p>129.&nbsp;Jacob W.F. Sundberg: Harakiri.&nbsp;En vitbok om \u00f6vningen Sporrong L\u00f6nnroth och Club Palme Dahlmans sorgliga h\u00e4danf\u00e4rd, grundad p\u00e5 Justitieombudsmannens akt dnr 2585-2000. (2001)<\/p>\n\n\n\n<p>130.&nbsp;Stephanie Packal\u00e9n och Mats Welin: En kort introduktion till det finska domstolsv\u00e4sendet. (2001)<\/p>\n\n\n\n<p>131.&nbsp;Jacob W.F. Sundberg: Processen i Strasbourg med s\u00e4rskild h\u00e4nsyn till respekten f\u00f6r familjelivet (2001)<\/p>\n\n\n\n<p>132.&nbsp;Jacob W.F. Sundberg&nbsp;: \u00c5rsrapport och Instruktion. T\u00e4vlingen om det Sporrong L\u00f6nnrothska Priset XVII. Helsingfors 9-10 juni 2001. Med ett f\u00f6rord av justitier\u00e5det Gustav Bygglin. (2001)<\/p>\n\n\n\n<p>133.&nbsp;Jacob W.F. Sundberg&nbsp;: Sverige mot \u00d6sterrike och vice versa. N\u00e5gra synpunkter om de m\u00e4nskliga r\u00e4ttigheterna. (2002)<\/p>\n\n\n\n<p>134.&nbsp;Jacob W.F. Sundberg&nbsp;: \u00c5rsrapport. T\u00e4vlingen om det Sporrong L\u00f6nnrothska Priset XVIII. Wrangelska Palatset, Stockholm 8-9 juni 2002. (2002)<\/p>\n\n\n\n<p>135.&nbsp;Jacob W.F. Sundberg&nbsp;: Om xenofili och xenofobi och risken f\u00f6r fnatt. En vitbok grundad p\u00e5 JO:s akt 2585-2000. (2002)<\/p>\n\n\n\n<p>136.Jacob W.F. Sundberg&nbsp;: \u00c5rsrapport och \u00c5terblick. T\u00e4vlingen om det Sporrong L\u00f6nnrothska Priset XIX. Norges H\u00f8yesterett 14-15 juni 2003. (2003)<\/p>\n\n\n\n<p>137.&nbsp;Jacob W.F. Sundberg, red,.&nbsp;Antologin Kalmarunionen \u2013 Addendum. (2003)<\/p>\n\n\n\n<p>138.&nbsp;Jacob W.F. Sundberg: Fr\u00e5n Ekel\u00f6f till Europa. (Utgiven tillsammans med H\u00e4gglunds f\u00f6rlag 2004).<\/p>\n\n\n\n<p>139.&nbsp;Jacob W.F. Sundberg: Det Sporrong L\u00f6nnrothska Priset. \u00c5rsrapport fr\u00e5n \u00f6vningen i Reykjavik 12-13 juni 2004<\/p>\n\n\n\n<p>139 A.&nbsp;Jacob W.F. Sundberg: Epilog<\/p>\n\n\n\n<p>139 B.&nbsp;Jacob W.F. Sundberg: &#8220;The Rule of Law&#8221;.&nbsp;Om 180-gradersgiren i svensk juridik under trycket av Europakonventionen.<\/p>\n\n\n\n<p>140.&nbsp;Jacob W.F. Sundberg: Mandarinprincipen. En upplysningsskrift med ett f\u00f6rord av professor emeritus Jacob W.F. Sundberg (2004)<\/p>\n\n\n\n<p>141.&nbsp;Jacob W.F. Sundberg: Inl\u00e4gg p\u00e5 Nordiska Juristm\u00f6tet [sessionen \u00e4gnad \u00e4mnet &#8220;Terrorbek\u00e6mpelse og menneske-rettigheder &#8211; hvordan sikres den enkeltes beskyttelse&#8221;] (2005)<\/p>\n\n\n\n<p>142.&nbsp;Jacob W.F. Sundberg: Den pl\u00e5gade r\u00e4ttshistorien. Betraktelser kring en jubileumsbok [utvidgat separatum ur 18 Juridisk Tidskrift 89-108 (2005-2006)] (2005)<\/p>\n\n\n\n<p>143.&nbsp;Jacob W.F. Sundberg: Det Sporrong L\u00f6nnrothska Priset XXI. \u00c5rsrapport. R\u00e4tteg\u00e5ngst\u00e4vlingen i K\u00f8benhavn 12-13 juni 2005.<\/p>\n\n\n\n<p>144.&nbsp;Jan S\u00f6dergren&nbsp;: Om h\u00e4ndelsef\u00f6rloppet och annat sm\u00e5tt och gott. Bankett-talet [12.6.2005]<\/p>\n","protected":false},"excerpt":{"rendered":"<p>ARCHIVES 1. Skrifter \u00e5t minnet av C.A. Reuterski\u00f6ld (1945) 2.&nbsp;Stig J\u00e4gerski\u00f6ld&nbsp;: Tre utl\u00e5tanden: Om apoteksavgifter. Om administrativ myndighet och domstol. Om Seffle kanalbolag (1946) 3. [Erik]&nbsp;Fahlbeck \u2013&nbsp;[Stig]&nbsp;J\u00e4gerski\u00f6ld&nbsp;&#8211; [Halvar G.F.]&nbsp;Sundberg&nbsp;: Medborgarr\u00e4tt [&hellip;]<\/p>\n","protected":false},"author":1,"featured_media":0,"parent":0,"menu_order":0,"comment_status":"closed","ping_status":"closed","template":"","meta":{"footnotes":""},"class_list":["post-264","page","type-page","status-publish","hentry"],"jetpack_sharing_enabled":true,"jetpack-related-posts":[],"_links":{"self":[{"href":"https:\/\/ioir.se\/index.php\/wp-json\/wp\/v2\/pages\/264","targetHints":{"allow":["GET"]}}],"collection":[{"href":"https:\/\/ioir.se\/index.php\/wp-json\/wp\/v2\/pages"}],"about":[{"href":"https:\/\/ioir.se\/index.php\/wp-json\/wp\/v2\/types\/page"}],"author":[{"embeddable":true,"href":"https:\/\/ioir.se\/index.php\/wp-json\/wp\/v2\/users\/1"}],"replies":[{"embeddable":true,"href":"https:\/\/ioir.se\/index.php\/wp-json\/wp\/v2\/comments?post=264"}],"version-history":[{"count":5,"href":"https:\/\/ioir.se\/index.php\/wp-json\/wp\/v2\/pages\/264\/revisions"}],"predecessor-version":[{"id":368,"href":"https:\/\/ioir.se\/index.php\/wp-json\/wp\/v2\/pages\/264\/revisions\/368"}],"wp:attachment":[{"href":"https:\/\/ioir.se\/index.php\/wp-json\/wp\/v2\/media?parent=264"}],"curies":[{"name":"wp","href":"https:\/\/api.w.org\/{rel}","templated":true}]}}